{"id":9963,"date":"2021-10-19T16:43:33","date_gmt":"2021-10-19T19:43:33","guid":{"rendered":"http:\/\/ajupe.com.uy\/web\/?post_type=product&#038;p=9963"},"modified":"2021-10-19T16:45:48","modified_gmt":"2021-10-19T19:45:48","slug":"luto-de-miel","status":"publish","type":"product","link":"https:\/\/ajupe.com.uy\/web\/biblioteca\/luto-de-miel\/","title":{"rendered":"LUTO DE MIEL"},"content":{"rendered":"<p>En un momento en que la vida personal del comisario Franck Sharko parece tocar fondo, despu\u00e9s de perder en accidente a su esposa y a su hija, se enfrenta a uno de los casos m\u00e1s macabros y enigm\u00e1ticos a los que nadie haya tenido que enfrentarse: la aparici\u00f3n de una joven arrodillada, completamente desnuda, rasurada y a la que parecen haber estallado los \u00f3rganos, en el interior de una iglesia. todo parece resultado de un horripilante rito, o bien constituir un apocal\u00edptico mensaje, pero lo que pondr\u00e1 al comisario sobre la buena pista ser\u00e1n unas peque\u00f1as mariposas, todav\u00eda vivas, halladas en el interior del cr\u00e1neo de la v\u00edctima.<\/p>\n","protected":false},"excerpt":{"rendered":"<p>En un momento en que la vida personal del comisario Franck Sharko parece tocar fondo, despu\u00e9s de perder en accidente a su esposa y a su hija, se enfrenta a uno de los casos m\u00e1s macabros y enigm\u00e1ticos a los que nadie haya tenido que enfrentarse: la aparici\u00f3n de una joven arrodillada, completamente desnuda, rasurada [&hellip;]<\/p>\n","protected":false},"featured_media":9934,"template":"","meta":[],"product_brand":[],"product_cat":[40],"product_tag":[],"class_list":{"0":"post-9963","1":"product","2":"type-product","3":"status-publish","4":"has-post-thumbnail","6":"product_cat-policial","8":"first","9":"outofstock","10":"purchasable","11":"product-type-simple"},"featured_image_urls_v2":{"full":["https:\/\/ajupe.com.uy\/web\/wp-content\/uploads\/2021\/10\/9185.jpg",212,331,false],"thumbnail":["https:\/\/ajupe.com.uy\/web\/wp-content\/uploads\/2021\/10\/9185-150x150.jpg",150,150,true],"medium":["https:\/\/ajupe.com.uy\/web\/wp-content\/uploads\/2021\/10\/9185-192x300.jpg",192,300,true],"medium_large":["https:\/\/ajupe.com.uy\/web\/wp-content\/uploads\/2021\/10\/9185.jpg",212,331,false],"large":["https:\/\/ajupe.com.uy\/web\/wp-content\/uploads\/2021\/10\/9185.jpg",212,331,false],"1536x1536":["https:\/\/ajupe.com.uy\/web\/wp-content\/uploads\/2021\/10\/9185.jpg",212,331,false],"2048x2048":["https:\/\/ajupe.com.uy\/web\/wp-content\/uploads\/2021\/10\/9185.jpg",212,331,false],"woocommerce_archive_thumbnail":["https:\/\/ajupe.com.uy\/web\/wp-content\/uploads\/2021\/10\/9185-212x300.jpg",212,300,true],"woocommerce_thumbnail":["https:\/\/ajupe.com.uy\/web\/wp-content\/uploads\/2021\/10\/9185-212x300.jpg",212,300,true],"woocommerce_single":["https:\/\/ajupe.com.uy\/web\/wp-content\/uploads\/2021\/10\/9185.jpg",212,331,false],"woocommerce_gallery_thumbnail":["https:\/\/ajupe.com.uy\/web\/wp-content\/uploads\/2021\/10\/9185-100x100.jpg",100,100,true]},"post_excerpt_stackable_v2":"<p>En un momento en que la vida personal del comisario Franck Sharko parece tocar fondo, despu\u00e9s de perder en accidente a su esposa y a su hija, se enfrenta a uno de los casos m\u00e1s macabros y enigm\u00e1ticos a los que nadie haya tenido que enfrentarse: la aparici\u00f3n de una joven arrodillada, completamente desnuda, rasurada y a la que parecen haber estallado los \u00f3rganos, en el interior de una iglesia. todo parece resultado de un horripilante rito, o bien constituir un apocal\u00edptico mensaje, pero lo que pondr\u00e1 al comisario sobre la buena pista ser\u00e1n unas peque\u00f1as mariposas, todav\u00eda vivas, halladas&hellip;<\/p>\n","category_list_v2":"","author_info_v2":{"name":"","url":""},"comments_num_v2":"0 comentarios","_links":{"self":[{"href":"https:\/\/ajupe.com.uy\/web\/wp-json\/wp\/v2\/product\/9963","targetHints":{"allow":["GET"]}}],"collection":[{"href":"https:\/\/ajupe.com.uy\/web\/wp-json\/wp\/v2\/product"}],"about":[{"href":"https:\/\/ajupe.com.uy\/web\/wp-json\/wp\/v2\/types\/product"}],"wp:featuredmedia":[{"embeddable":true,"href":"https:\/\/ajupe.com.uy\/web\/wp-json\/wp\/v2\/media\/9934"}],"wp:attachment":[{"href":"https:\/\/ajupe.com.uy\/web\/wp-json\/wp\/v2\/media?parent=9963"}],"wp:term":[{"taxonomy":"product_brand","embeddable":true,"href":"https:\/\/ajupe.com.uy\/web\/wp-json\/wp\/v2\/product_brand?post=9963"},{"taxonomy":"product_cat","embeddable":true,"href":"https:\/\/ajupe.com.uy\/web\/wp-json\/wp\/v2\/product_cat?post=9963"},{"taxonomy":"product_tag","embeddable":true,"href":"https:\/\/ajupe.com.uy\/web\/wp-json\/wp\/v2\/product_tag?post=9963"}],"curies":[{"name":"wp","href":"https:\/\/api.w.org\/{rel}","templated":true}]}}